
{"id":456,"date":"2016-03-29T08:25:29","date_gmt":"2016-03-29T08:25:29","guid":{"rendered":"http:\/\/bayer.eqs.com\/?page_id=456"},"modified":"2016-10-18T06:34:16","modified_gmt":"2016-10-18T06:34:16","slug":"function-and-operation","status":"publish","type":"page","link":"https:\/\/ag-learn.3-up.de\/de\/function-and-operation\/","title":{"rendered":"Funktion &#038; Bedienung"},"content":{"rendered":"<h2>Herzlich Willkommen auf unserer Lernplattform<\/h2>\n<h2>Im folgenden finden Sie ein paar Informationen zur Nutzung dieser Seite.<\/h2>\n<p>Um die Navigation durch die zahlreichen Experimente so einfach wie m\u00f6glich zu gestalten, k\u00f6nnen Sie sich an folgenden Icons orientieren. Diese werden auf den jeweiligen Experimente-K\u00e4rtchen angezeigt:<\/p>\n<p><img decoding=\"async\" class=\"alignnone size-full wp-image-2590\" src=\"https:\/\/ag-learn.3-up.de\/wp-content\/uploads\/2016\/03\/Ueberblick_Navigation_deutsch.jpeg\" alt=\"Ueberblick_Navigation_deutsch\" width=\"900\" \/><\/p>\n<h1><\/h1>\n","protected":false},"excerpt":{"rendered":"<p>Herzlich Willkommen auf unserer Lernplattform Im folgenden finden Sie ein paar Informationen zur Nutzung dieser Seite. Um die Navigation durch die zahlreichen Experimente so einfach wie m\u00f6glich zu gestalten, k\u00f6nnen Sie sich an folgenden Icons orientieren. Diese werden auf den jeweiligen Experimente-K\u00e4rtchen angezeigt:<\/p>\n","protected":false},"author":2,"featured_media":0,"parent":0,"menu_order":0,"comment_status":"closed","ping_status":"closed","template":"tpl_function_operation.php","meta":{"footnotes":""},"class_list":["post-456","page","type-page","status-publish","hentry"],"translation":{"provider":"WPGlobus","version":"3.0.2","language":"de","enabled_languages":["en","de"],"languages":{"en":{"title":true,"content":true,"excerpt":false},"de":{"title":true,"content":true,"excerpt":false}}},"_links":{"self":[{"href":"https:\/\/ag-learn.3-up.de\/de\/wp-json\/wp\/v2\/pages\/456","targetHints":{"allow":["GET"]}}],"collection":[{"href":"https:\/\/ag-learn.3-up.de\/de\/wp-json\/wp\/v2\/pages"}],"about":[{"href":"https:\/\/ag-learn.3-up.de\/de\/wp-json\/wp\/v2\/types\/page"}],"author":[{"embeddable":true,"href":"https:\/\/ag-learn.3-up.de\/de\/wp-json\/wp\/v2\/users\/2"}],"replies":[{"embeddable":true,"href":"https:\/\/ag-learn.3-up.de\/de\/wp-json\/wp\/v2\/comments?post=456"}],"version-history":[{"count":6,"href":"https:\/\/ag-learn.3-up.de\/de\/wp-json\/wp\/v2\/pages\/456\/revisions"}],"predecessor-version":[{"id":2587,"href":"https:\/\/ag-learn.3-up.de\/de\/wp-json\/wp\/v2\/pages\/456\/revisions\/2587"}],"wp:attachment":[{"href":"https:\/\/ag-learn.3-up.de\/de\/wp-json\/wp\/v2\/media?parent=456"}],"curies":[{"name":"wp","href":"https:\/\/api.w.org\/{rel}","templated":true}]}}