
{"id":2601,"date":"2016-12-15T07:55:14","date_gmt":"2016-12-15T07:55:14","guid":{"rendered":"https:\/\/ag-learn.3-up.de\/?page_id=2601"},"modified":"2016-12-15T11:37:08","modified_gmt":"2016-12-15T11:37:08","slug":"disclaimer","status":"publish","type":"page","link":"https:\/\/ag-learn.3-up.de\/de\/disclaimer\/","title":{"rendered":"Nutzungsbedingungen"},"content":{"rendered":"<p class=\"p1\">Zugang zu und Nutzung dieser Website unterliegen den folgenden Bestimmungen. Falls Sie mit<br \/>\ndiesen nicht einverstanden sind, benutzen Sie diese Website bitte nicht. Diese Website wurde von<br \/>\nder Bayer AG, (im folgenden BAYER) entwickelt und wird von ihr administriert. Wir behalten uns das<br \/>\nRecht vor, unsere Website, die allgemeinen Nutzungsbedingungen, unsere allgemeinen<br \/>\nGesch\u00e4ftsbedingungen sowie unsere Verkaufs- und Lieferbedingungen nach eigenem Ermessen<br \/>\njederzeit ohne Anku\u0308ndigung ganz oder teilweise zu \u00e4ndern und\/oder deren Betrieb einzustellen. Wir<br \/>\nbitten Sie daher, bei Ihrem n\u00e4chsten Besuch dieser Website diese erneut durchzusehen und<br \/>\n\u00c4nderungen\/Erg\u00e4nzungen zur Kenntnis zu nehmen.<\/p>\n<h3>Nutzungs-\u00dcberlassung<\/h3>\n<p>S\u00e4mtliche in dieser Website ver\u00f6ffentlichten Informationen, Dokumente und Darstellungen sind<br \/>\nalleiniges Eigentum von BAYER. Die Erlaubnis zu ihrer Verwendung steht unter dem Vorbehalt, dass<br \/>\nder Copyrightvermerk auf allen Kopien erscheint, der Gebrauch der Informationen nur pers\u00f6nlichen<br \/>\nZwecken dient und keine kommerzielle Verwertung erfolgt, die Informationen in keiner Weise<br \/>\nver\u00e4ndert werden und s\u00e4mtliche Darstellungen der Website nur zusammen mit dem dazugeh\u00f6rigen<br \/>\nText verwendet werden.<\/p>\n<h3>Marken und Urheberrechte<\/h3>\n<p>Alle auf dieser Webseite genannten Marken sind Eigentum von Bayer, es sei denn, sie sind als Rechte<br \/>\nDritter kenntlich gemacht oder in sonstiger Weise als solche erkennbar. Die nicht autorisierte<br \/>\nNutzung dieser Marken oder sonstiger Materialien ist ausdru\u0308cklich verboten und stellt eine<br \/>\nVerletzung der Urheberrechte, Markenrechte oder sonstigen Schutzrechte dar.<\/p>\n<h3>Haftungsbeschr\u00e4nkung<\/h3>\n<p>BAYER hat die Informationen, die Sie auf dieser Website vorfinden, aus internen und externen<br \/>\nQuellen nach bestem Wissen und Gewissen mit professioneller Sorgfalt zusammengestellt. Wir<br \/>\nbemu\u0308hen uns, dieses Informationsangebot stetig zu erweitern und zu aktualisieren. Die<br \/>\nInformationen auf dieser Website dienen nur der Darstellung von BAYER und ihrer Produkte und<br \/>\nServices. Wir u\u0308bernehmen jedoch keine Garantie \u2013 weder ausdru\u0308cklich noch stillschweigend \u2013 fu\u0308r die<br \/>\nVollst\u00e4ndigkeit oder Richtigkeit der Informationen auf dieser Website. Bitte beachten Sie, dass diese<br \/>\nInformationen am Tag ihrer Ver\u00f6ffentlichung aktuell waren, jetzt aber veraltet sein k\u00f6nnen. Aus<br \/>\ndiesem Grunde sollten Sie Informationen, die Sie auf dieser Website erhalten, u\u0308berpru\u0308fen, bevor Sie<br \/>\ndiese &#8211; in welcher Art auch immer &#8211; verwenden. Die Beratung auf dieser Website befreit Sie nicht von<br \/>\neiner eigenen Pru\u0308fung unserer aktuellen Beratungshinweise &#8211; insbesondere unserer<br \/>\nSicherheitsdatenbl\u00e4tter und technischen Informationen &#8211; und unserer Produkte im Hinblick auf ihre<br \/>\nEignung fu\u0308r die beabsichtigten Verfahren und Zwecke. Falls Sie besondere Ratschl\u00e4ge oder<br \/>\nAnweisungen im Hinblick auf unsere Produkte oder Services ben\u00f6tigen, kontaktieren Sie uns bitte<br \/>\nunmittelbar. Die Nutzer dieser Website erkl\u00e4ren sich damit einverstanden, auf diese Website und<br \/>\nderen Inhalte auf eigenes Risiko zuzugreifen. Weder BAYER noch Dritte, die in die Erstellung,<br \/>\nProduktion oder \u00dcbermittlung dieser Website involviert sind, sind haftbar fu\u0308r Sch\u00e4den oder<br \/>\nVerletzungen, die sich aus dem Zugang oder der Unm\u00f6glichkeit des Zugangs, der Nutzung oder<br \/>\nUnm\u00f6glichkeit der Nutzung dieser Website oder aus dem Umstand, dass Sie sich auf eine<br \/>\nInformation, die auf dieser Website enthalten ist, verlassen, entstehen.<\/p>\n<h3>Websites Dritter Anbieter\/Links<\/h3>\n<p>Diese Website enth\u00e4lt auch Links oder Verweise auf Websites Dritter. Diese Links zu den Websites<br \/>\nDritter stellen keine Zustimmung zu deren Inhalten seitens BAYER dar. BAYER u\u0308bernimmt keine<br \/>\nVerantwortung fu\u0308r die Verfu\u0308gbarkeit oder den Inhalt solcher Websites und keine Haftung fu\u0308r<br \/>\nSch\u00e4den oder Verletzungen, die aus der Nutzung &#8211; gleich welcher Art &#8211; solcher Inhalte entstehen.<br \/>\nLinks zu anderen Websites werden den Nutzern dieser Website lediglich als Annehmlichkeit zur<br \/>\nVerfu\u0308gung gestellt. BAYER u\u0308bernimmt keine Gew\u00e4hr, dass die Links unver\u00e4ndert in gleichbleibender<br \/>\nQualit\u00e4t zu einem Thema informieren. Das Herstellen einer Verbindung zu diesen Websites geschieht<br \/>\nauf eigene Gefahr des Benutzers. Die Auswahl der Links soll Sie in keiner Weise auf die Informationen<br \/>\nder verlinkten Websites begrenzen.<\/p>\n<h3>Von Ihnen bereitgestellte Informationen<\/h3>\n<p>Der Nutzer der Website ist in vollem Umfang fu\u0308r alle Informationen, die er an BAYER sendet,<br \/>\nhinsichtlich Inhalt und Richtigkeit sowie dafu\u0308r verantwortlich, dass Rechte Dritter nicht verletzt<br \/>\nwerden. Der Nutzer ist damit einverstanden, dass BAYER diese Informationen speichert und fu\u0308r<br \/>\nstatistische Auswertungen oder andere benannte, gesch\u00e4ftliche Zwecke verwendet, sofern es sich<br \/>\nnicht um personenbezogene Daten handelt, die u\u0308ber Bestandsdaten oder Nutzungsdaten im Sinne<br \/>\nvon \u00a7 14 und \u00a7 15 Telemediengesetz (TMG) hinausgehen. BAYER ist insbesondere befugt, den Inhalt<br \/>\nsolcher Mitteilungen, einschlie\u00dflich Ideen, Erfindungen, Konzepte, Techniken oder Know How, das<br \/>\ndarin enthalten ist, fu\u0308r jeden Zweck zu nutzen, einschlie\u00dflich der Entwicklung, Herstellung und \/oder<br \/>\nVermarktung von Produkten oder Services, und diese Information zu reproduzieren und<br \/>\nuneingeschr\u00e4nkt dritten Parteien zug\u00e4nglich zu machen.<\/p>\n<h3>Internationale Nutzer<\/h3>\n<p>Diese Website wird kontrolliert, betrieben und gepflegt durch BAYER am Standort Leverkusen,<br \/>\nDeutschland. Sie ist bestimmt zur internationalen Nutzung. BAYER u\u0308bernimmt jedoch keine Garantie,<br \/>\ndass die auf dieser Website pr\u00e4sentierten Informationen weltweit korrekt sind, insbesondere die<br \/>\nProdukte und Services in gleicher Aufmachung, Gr\u00f6\u00dfe und zu gleichen Konditionen weltweit<br \/>\nverfu\u0308gbar sind. Sollten Sie diese Website aufrufen und\/oder Inhalte herunter laden, so sind Sie selbst<br \/>\ndafu\u0308r verantwortlich, dass dies mit den in Ihrem Aufenthaltsort geltenden lokalen Gesetzen<br \/>\nvereinbar ist. Die Produkte, die auf dieser Website erw\u00e4hnt werden, k\u00f6nnen in verschiedenen<br \/>\nL\u00e4ndern unterschiedliche Gebinde\/Packungsgr\u00f6\u00dfe, Beschriftung und Kennzeichnung haben.<br \/>\nIn den USA ist die Bayer Corporation fu\u0308r das Gesch\u00e4ft verantwortlich. Kunden in den USA bitten wir,<br \/>\nsich an diese Gesellschaft zu wenden.<\/p>\n<h3>Verkauf von BAYER-Produkten<\/h3>\n<p>Der Verkauf unserer Produkte erfolgt zu unseren jeweils aktuellen Allgemeinen Verkaufs- und<br \/>\nLieferbedingungen.<\/p>\n<h3>Anwendbares Recht<\/h3>\n<p>Jegliche in Verbindung mit der Website oder deren Benutzung auftretenden Rechtsanspru\u0308che oder<br \/>\nProzesse unterliegen der Auslegung der Gesetze der Bundesrepublik Deutschland, mit Ausnahme der<br \/>\nRegelungen des Internationalen Privatrechts und des einheitlichen Gesetzes u\u0308ber den<br \/>\ninternationalen Kauf beweglicher Sachen aufgrund des Haager-Kaufrechtsu\u0308bereinkommens vom<br \/>\n01.07.1964 und des UN-Kaufrechtsu\u0308bereinkommens vom 11.04.1980.<\/p>\n<h3>Zukunftsgerichtete Aussagen<\/h3>\n<p>Diese Website kann bestimmte in die Zukunft gerichtete Aussagen enthalten, die auf den<br \/>\ngegenw\u00e4rtigen Annahmen und Prognosen der Unternehmensleitung von Bayer beruhen.<br \/>\nVerschiedene bekannte wie auch unbekannte Risiken, Ungewissheiten und andere Faktoren k\u00f6nnen<br \/>\ndazu fu\u0308hren, dass die tats\u00e4chlichen Ergebnisse, die Finanzlage, die Entwicklung oder die Performance<br \/>\nder Gesellschaft wesentlich von den hier gegebenen Einsch\u00e4tzungen abweichen. Diese Faktoren<br \/>\nschlie\u00dfen diejenigen ein, die Bayer in ver\u00f6ffentlichten Berichten beschrieben hat. Diese Berichte<br \/>\nstehen auf der Bayer-Webseite www.bayer.de zur Verfu\u0308gung. Die Gesellschaft u\u0308bernimmt keinerlei<br \/>\nVerpflichtung, solche zukunftsgerichteten Aussagen fortzuschreiben und an zuku\u0308nftige Ereignisse<br \/>\noder Entwicklungen anzupassen.<\/p>\n","protected":false},"excerpt":{"rendered":"<p>Zugang zu und Nutzung dieser Website unterliegen den folgenden Bestimmungen. Falls Sie mit diesen nicht einverstanden sind, benutzen Sie diese Website bitte nicht. Diese Website wurde von der Bayer AG, (im folgenden BAYER) entwickelt und wird von ihr administriert. Wir behalten uns das Recht vor, unsere Website, die allgemeinen Nutzungsbedingungen, unsere allgemeinen Gesch\u00e4ftsbedingungen sowie unsere &hellip; <a href=\"https:\/\/ag-learn.3-up.de\/de\/disclaimer\/\" class=\"more-link\">Continue reading<span class=\"screen-reader-text\"> &#8222;Nutzungsbedingungen&#8220;<\/span><\/a><\/p>\n","protected":false},"author":2,"featured_media":0,"parent":0,"menu_order":0,"comment_status":"closed","ping_status":"closed","template":"tpl_disclaimer.php","meta":{"footnotes":""},"class_list":["post-2601","page","type-page","status-publish","hentry"],"translation":{"provider":"WPGlobus","version":"3.0.2","language":"de","enabled_languages":["en","de"],"languages":{"en":{"title":true,"content":true,"excerpt":false},"de":{"title":true,"content":true,"excerpt":false}}},"_links":{"self":[{"href":"https:\/\/ag-learn.3-up.de\/de\/wp-json\/wp\/v2\/pages\/2601","targetHints":{"allow":["GET"]}}],"collection":[{"href":"https:\/\/ag-learn.3-up.de\/de\/wp-json\/wp\/v2\/pages"}],"about":[{"href":"https:\/\/ag-learn.3-up.de\/de\/wp-json\/wp\/v2\/types\/page"}],"author":[{"embeddable":true,"href":"https:\/\/ag-learn.3-up.de\/de\/wp-json\/wp\/v2\/users\/2"}],"replies":[{"embeddable":true,"href":"https:\/\/ag-learn.3-up.de\/de\/wp-json\/wp\/v2\/comments?post=2601"}],"version-history":[{"count":5,"href":"https:\/\/ag-learn.3-up.de\/de\/wp-json\/wp\/v2\/pages\/2601\/revisions"}],"predecessor-version":[{"id":2607,"href":"https:\/\/ag-learn.3-up.de\/de\/wp-json\/wp\/v2\/pages\/2601\/revisions\/2607"}],"wp:attachment":[{"href":"https:\/\/ag-learn.3-up.de\/de\/wp-json\/wp\/v2\/media?parent=2601"}],"curies":[{"name":"wp","href":"https:\/\/api.w.org\/{rel}","templated":true}]}}