
{"id":1252,"date":"2016-05-17T09:41:06","date_gmt":"2016-05-17T09:41:06","guid":{"rendered":"http:\/\/bayer.eqs.com\/?page_id=1252"},"modified":"2016-05-25T09:20:42","modified_gmt":"2016-05-25T09:20:42","slug":"working-materials","status":"publish","type":"page","link":"https:\/\/ag-learn.3-up.de\/de\/working-materials\/","title":{"rendered":"\u00dcbersicht Arbeitsmaterialien"},"content":{"rendered":"<p>Hier finden Sie alle Arbeitsmaterialien auf einen Blick. \u00dcber die Filterfunktion k\u00f6nnen Sie sich schnell alle Experimente \u2013 auch die interaktiven und die mit Videounterst\u00fctzung \u2013 sowie die Arbeitsauftr\u00e4ge anzeigen lassen.<\/p>\n<p>Zudem besteht die M\u00f6glichkeit, alle Arbeitsmaterialien nach Schwierigkeitsgrad zu filtern.<\/p>\n","protected":false},"excerpt":{"rendered":"<p>Hier finden Sie alle Arbeitsmaterialien auf einen Blick. \u00dcber die Filterfunktion k\u00f6nnen Sie sich schnell alle Experimente \u2013 auch die interaktiven und die mit Videounterst\u00fctzung \u2013 sowie die Arbeitsauftr\u00e4ge anzeigen lassen. Zudem besteht die M\u00f6glichkeit, alle Arbeitsmaterialien nach Schwierigkeitsgrad zu filtern.<\/p>\n","protected":false},"author":2,"featured_media":0,"parent":0,"menu_order":0,"comment_status":"closed","ping_status":"closed","template":"tpl_tag_search.php","meta":{"footnotes":""},"class_list":["post-1252","page","type-page","status-publish","hentry"],"translation":{"provider":"WPGlobus","version":"3.0.2","language":"de","enabled_languages":["en","de"],"languages":{"en":{"title":true,"content":true,"excerpt":false},"de":{"title":true,"content":true,"excerpt":false}}},"_links":{"self":[{"href":"https:\/\/ag-learn.3-up.de\/de\/wp-json\/wp\/v2\/pages\/1252","targetHints":{"allow":["GET"]}}],"collection":[{"href":"https:\/\/ag-learn.3-up.de\/de\/wp-json\/wp\/v2\/pages"}],"about":[{"href":"https:\/\/ag-learn.3-up.de\/de\/wp-json\/wp\/v2\/types\/page"}],"author":[{"embeddable":true,"href":"https:\/\/ag-learn.3-up.de\/de\/wp-json\/wp\/v2\/users\/2"}],"replies":[{"embeddable":true,"href":"https:\/\/ag-learn.3-up.de\/de\/wp-json\/wp\/v2\/comments?post=1252"}],"version-history":[{"count":0,"href":"https:\/\/ag-learn.3-up.de\/de\/wp-json\/wp\/v2\/pages\/1252\/revisions"}],"wp:attachment":[{"href":"https:\/\/ag-learn.3-up.de\/de\/wp-json\/wp\/v2\/media?parent=1252"}],"curies":[{"name":"wp","href":"https:\/\/api.w.org\/{rel}","templated":true}]}}